{"id":750,"date":"2026-01-10T10:31:23","date_gmt":"2026-01-10T10:31:23","guid":{"rendered":"https:\/\/www.psychologmiechow.pl\/blog\/?page_id=750"},"modified":"2026-01-10T10:32:47","modified_gmt":"2026-01-10T10:32:47","slug":"diagnoza-adhd-miechow","status":"publish","type":"page","link":"https:\/\/www.psychologmiechow.pl\/blog\/?page_id=750","title":{"rendered":"Diagnoza ADHD Miech\u00f3w"},"content":{"rendered":"\t\t<div data-elementor-type=\"wp-page\" data-elementor-id=\"750\" class=\"elementor elementor-750\">\n\t\t\t\t<div class=\"elementor-element elementor-element-3db399f e-flex e-con-boxed e-con e-parent\" data-id=\"3db399f\" data-element_type=\"container\" data-e-type=\"container\">\n\t\t\t\t\t<div class=\"e-con-inner\">\n\t\t\t\t<div class=\"elementor-element elementor-element-64a0808 elementor-widget elementor-widget-heading\" data-id=\"64a0808\" data-element_type=\"widget\" data-e-type=\"widget\" data-widget_type=\"heading.default\">\n\t\t\t\t\t<h1 class=\"elementor-heading-title elementor-size-default\">Diagnoza ADHD dzieci i doros\u0142ych<\/h1>\t\t\t\t<\/div>\n\t\t\t\t\t<\/div>\n\t\t\t\t<\/div>\n\t\t<div class=\"elementor-element elementor-element-bb7d95d e-flex e-con-boxed e-con e-parent\" data-id=\"bb7d95d\" data-element_type=\"container\" data-e-type=\"container\">\n\t\t\t\t\t<div class=\"e-con-inner\">\n\t\t\t\t<div class=\"elementor-element elementor-element-9fdde30 elementor-widget elementor-widget-text-editor\" data-id=\"9fdde30\" data-element_type=\"widget\" data-e-type=\"widget\" data-widget_type=\"text-editor.default\">\n\t\t\t\t\t\t\t\t\t<p>Diagnoza psychologiczna ADHD w Miechowie, zar\u00f3wno dla dzieci i m\u0142odzie\u017cy, jak r\u00f3wnie\u017c os\u00f3b doros\u0142ych.\u00a0<\/p>\t\t\t\t\t\t\t\t<\/div>\n\t\t\t\t\t<\/div>\n\t\t\t\t<\/div>\n\t\t<div class=\"elementor-element elementor-element-12ae120 e-flex e-con-boxed e-con e-parent\" data-id=\"12ae120\" data-element_type=\"container\" data-e-type=\"container\">\n\t\t\t\t\t<div class=\"e-con-inner\">\n\t\t\t\t<div class=\"elementor-element elementor-element-be68106 elementor-widget elementor-widget-heading\" data-id=\"be68106\" data-element_type=\"widget\" data-e-type=\"widget\" data-widget_type=\"heading.default\">\n\t\t\t\t\t<h2 class=\"elementor-heading-title elementor-size-default\">Diagnoza psychologiczna dzieci i m\u0142odzie\u017cy<\/h2>\t\t\t\t<\/div>\n\t\t\t\t\t<\/div>\n\t\t\t\t<\/div>\n\t\t<div class=\"elementor-element elementor-element-f67fc5a e-flex e-con-boxed e-con e-parent\" data-id=\"f67fc5a\" data-element_type=\"container\" data-e-type=\"container\">\n\t\t\t\t\t<div class=\"e-con-inner\">\n\t\t\t\t<div class=\"elementor-element elementor-element-bbaaf1a elementor-widget elementor-widget-text-editor\" data-id=\"bbaaf1a\" data-element_type=\"widget\" data-e-type=\"widget\" data-widget_type=\"text-editor.default\">\n\t\t\t\t\t\t\t\t\t<p><b>ETAP 1:<span class=\"Apple-converted-space\">\u00a0 <\/span>Wywiad i informacje od rodzic\u00f3w<\/b><\/p><ul><li>Wywiad z rodzicem (bez udzia\u0142u dziecka)<\/li><li>Analiza rozwoju i codziennego funkcjonowania<\/li><li>Ocena uwagi, impulsywno\u015bci i nadaktywno\u015bci<\/li><li>Informacje ze \u015brodowiska edukacyjnego (przedszkole \/ szko\u0142a)<\/li><li>Kwestionariusze Conners 3\u00ae (rodzic i nauczyciel)<\/li><li>Mo\u017cliwy kontakt z plac\u00f3wk\u0105 lub obserwacja w szkole<\/li><\/ul><p><b>ETAP 2:<span class=\"Apple-converted-space\">\u00a0 <\/span>Spotkania diagnostyczne z dzieckiem<\/b><\/p><ul><li>Indywidualne spotkania z psychologiem<\/li><li>Obserwacja w sytuacji nieustrukturyzowanej<\/li><li>Ocena uwagi, impulsywno\u015bci i poziomu aktywno\u015bci<\/li><li>Test inteligencji Stanford-Binet 5<\/li><li>Mo\u017cliwo\u015b\u0107 rozszerzenia diagnozy o dodatkowe testy<\/li><li>Obserwacja w \u015brodowisku edukacyjnym (je\u015bli potrzebna)<\/li><\/ul><p><b>ETAP 3: Analiza wynik\u00f3w<\/b><\/p><ul><li>Opracowanie wynik\u00f3w przez zesp\u00f3\u0142 diagnostyczny<\/li><li>Integracja wywiadu, obserwacji i test\u00f3w<\/li><li>Odniesienie do kryteri\u00f3w ICD-10 \/ ICD-11 \/ DSM-5<\/li><\/ul><p><b>ETAP 4: Opinia psychologiczna<\/b><\/p><ul><li>Pisemna opinia psychologiczna<\/li><li>Zalecenia do dalszej pracy terapeutycznej<\/li><li>Spotkanie podsumowuj\u0105ce z rodzicami<\/li><\/ul><p><strong>Koszt:<\/strong><\/p><p>Wywiad z rodzicem 2-3h: 400-600 z\u0142<\/p><p>Spotkanie diagnostyczne z dzieckiem 2-3h: 400-600 z\u0142<\/p><p>Stanford-Binet 5 1,5 &#8211; 2h: 450 z\u0142<\/p><p>Opinia ko\u0144cowa: 250 z\u0142<\/p><p>*SUMA: 1500 \u2013 1900 z\u0142<\/p><p>*Cena diagnozy uzale\u017cniona jest od liczby spotka\u0144 z rodzicem oraz liczby spotka\u0144 obserwacyjnych z dzieckiem. W przypadku wi\u0119kszej ni\u017c wskazana w zestawieniu liczby spotka\u0144, do ceny nale\u017cy doliczy\u0107 ka\u017cd\u0105 dodatkow\u0105 godzin\u0119 spotka\u0144. Cena nie uwzgl\u0119dnia obserwacji \u015brodowiskowej dziecka.<\/p>\t\t\t\t\t\t\t\t<\/div>\n\t\t\t\t\t<\/div>\n\t\t\t\t<\/div>\n\t\t<div class=\"elementor-element elementor-element-95a9145 e-flex e-con-boxed e-con e-parent\" data-id=\"95a9145\" data-element_type=\"container\" data-e-type=\"container\">\n\t\t\t\t\t<div class=\"e-con-inner\">\n\t\t\t\t<div class=\"elementor-element elementor-element-84bbbaf elementor-widget elementor-widget-heading\" data-id=\"84bbbaf\" data-element_type=\"widget\" data-e-type=\"widget\" data-widget_type=\"heading.default\">\n\t\t\t\t\t<h2 class=\"elementor-heading-title elementor-size-default\">Diagnoza psychologiczna osoby doros\u0142ej<\/h2>\t\t\t\t<\/div>\n\t\t\t\t\t<\/div>\n\t\t\t\t<\/div>\n\t\t<div class=\"elementor-element elementor-element-44cd4a5 e-flex e-con-boxed e-con e-parent\" data-id=\"44cd4a5\" data-element_type=\"container\" data-e-type=\"container\">\n\t\t\t\t\t<div class=\"e-con-inner\">\n\t\t\t\t<div class=\"elementor-element elementor-element-75485da elementor-widget elementor-widget-text-editor\" data-id=\"75485da\" data-element_type=\"widget\" data-e-type=\"widget\" data-widget_type=\"text-editor.default\">\n\t\t\t\t\t\t\t\t\t<p><b>ETAP 1: Wywiad kliniczny<\/b><\/p><ul><li>Szczeg\u00f3\u0142owy wywiad rozwojowy i kliniczny<\/li><li>Analiza funkcjonowania w dzieci\u0144stwie i w doros\u0142o\u015bci<\/li><li>Ocena uwagi, impulsywno\u015bci i nadaktywno\u015bci<\/li><li>Mo\u017cliwy udzia\u0142 os\u00f3b znaj\u0105cych Pacjenta z dzieci\u0144stwa<\/li><li>Wywiad diagnostyczny ADHD u doros\u0142ych DIVA-5<\/li><\/ul><p><b>ETAP 2: Badania psychologiczne<\/b><\/p><ul><li>Cykl spotka\u0144 diagnostycznych<\/li><li>Stanford-Binet 5 \u2013 ocena funkcji poznawczych i inteligencji<\/li><li>Badanie osobowo\u015bci: MMPI \/ SCID-5-PD \/ NEO-FFI<\/li><li>R\u00f3\u017cnicowanie ADHD i innych trudno\u015bci psychicznych<\/li><\/ul><p><b>ETAP 3: Analiza wynik\u00f3w<\/b><\/p><ul><li>Opracowanie wynik\u00f3w przez zesp\u00f3\u0142 diagnostyczny<\/li><li>Integracja wywiadu i wynik\u00f3w test\u00f3w<\/li><li>Odniesienie do kryteri\u00f3w ICD-10 \/ ICD-11 \/ DSM-5<\/li><\/ul><p><b>ETAP 4: Opinia psychologiczna<\/b><\/p><ul><li>Pisemna opinia psychologiczna<\/li><li>Zalecenia do dalszej pracy i wsparcia<\/li><li>Spotkanie podsumowuj\u0105ce proces diagnozy<\/li><\/ul><p><strong>Koszt:<\/strong><\/p><p>Wywiad diagnostyczny 2-3h: 400-600 z\u0142<\/p><p>Stanford-Binet 5 1,5-2h: 450 z\u0142<\/p><p>Badanie osobowo\u015bci MMPI\/ SCID-5 2-3h: 400-600 z\u0142<\/p><p>Opinia ko\u0144cowa: 250 z\u0142<\/p><p>*SUMA: 1500 \u2013 1900 z\u0142<\/p><p>*Cena diagnozy uzale\u017cniona jest od liczby spotka\u0144. W przypadku wi\u0119kszej ni\u017c wskazana w zestawieniu liczby spotka\u0144, do ceny nale\u017cy doliczy\u0107 ka\u017cd\u0105 dodatkow\u0105 godzin\u0119 spotkania.\u00a0<\/p>\t\t\t\t\t\t\t\t<\/div>\n\t\t\t\t\t<\/div>\n\t\t\t\t<\/div>\n\t\t\t\t<\/div>\n\t\t","protected":false},"excerpt":{"rendered":"<p>Diagnoza ADHD dzieci i doros\u0142ych Diagnoza psychologiczna ADHD w Miechowie, zar\u00f3wno dla dzieci i m\u0142odzie\u017cy, jak r\u00f3wnie\u017c os\u00f3b doros\u0142ych.\u00a0 Diagnoza psychologiczna dzieci i m\u0142odzie\u017cy ETAP [&hellip;]<\/p>\n","protected":false},"author":1,"featured_media":0,"parent":0,"menu_order":0,"comment_status":"closed","ping_status":"closed","template":"page-templates\/page_front-page.php","meta":{"footnotes":""},"class_list":["post-750","page","type-page","status-publish","hentry"],"_links":{"self":[{"href":"https:\/\/www.psychologmiechow.pl\/blog\/index.php?rest_route=\/wp\/v2\/pages\/750","targetHints":{"allow":["GET"]}}],"collection":[{"href":"https:\/\/www.psychologmiechow.pl\/blog\/index.php?rest_route=\/wp\/v2\/pages"}],"about":[{"href":"https:\/\/www.psychologmiechow.pl\/blog\/index.php?rest_route=\/wp\/v2\/types\/page"}],"author":[{"embeddable":true,"href":"https:\/\/www.psychologmiechow.pl\/blog\/index.php?rest_route=\/wp\/v2\/users\/1"}],"replies":[{"embeddable":true,"href":"https:\/\/www.psychologmiechow.pl\/blog\/index.php?rest_route=%2Fwp%2Fv2%2Fcomments&post=750"}],"version-history":[{"count":4,"href":"https:\/\/www.psychologmiechow.pl\/blog\/index.php?rest_route=\/wp\/v2\/pages\/750\/revisions"}],"predecessor-version":[{"id":754,"href":"https:\/\/www.psychologmiechow.pl\/blog\/index.php?rest_route=\/wp\/v2\/pages\/750\/revisions\/754"}],"wp:attachment":[{"href":"https:\/\/www.psychologmiechow.pl\/blog\/index.php?rest_route=%2Fwp%2Fv2%2Fmedia&parent=750"}],"curies":[{"name":"wp","href":"https:\/\/api.w.org\/{rel}","templated":true}]}}